{"id":4393,"date":"2023-01-03T15:55:04","date_gmt":"2023-01-03T14:55:04","guid":{"rendered":"https:\/\/capesterelascape.fr\/kontakt\/"},"modified":"2024-07-24T18:34:19","modified_gmt":"2024-07-24T16:34:19","slug":"kontakt","status":"publish","type":"page","link":"https:\/\/capesterelascape.fr\/de\/kontakt\/","title":{"rendered":"Kontakt"},"content":{"rendered":"<p><div class=\"fusion-fullwidth fullwidth-box fusion-builder-row-1 fusion-flex-container has-pattern-background has-mask-background fusion-parallax-none nonhundred-percent-fullwidth non-hundred-percent-height-scrolling fusion-no-small-visibility lazyload\" style=\"--awb-background-position:right center;--awb-border-radius-top-left:0px;--awb-border-radius-top-right:0px;--awb-border-radius-bottom-right:0px;--awb-border-radius-bottom-left:0px;--awb-padding-top:30px;--awb-padding-right:100px;--awb-padding-bottom:30px;--awb-padding-left:100px;--awb-padding-right-medium:30px;--awb-padding-left-medium:30px;--awb-background-size:cover;--awb-flex-wrap:wrap;\" data-bg=\"https:\/\/capesterelascape.fr\/wp-content\/uploads\/2024\/07\/contact.jpg\" id=\"half-picture-hero\" ><div class=\"fusion-builder-row fusion-row fusion-flex-align-items-stretch fusion-flex-content-wrap\" style=\"max-width:1352px;margin-left: calc(-4% \/ 2 );margin-right: calc(-4% \/ 2 );\"><div class=\"fusion-layout-column fusion_builder_column fusion-builder-column-0 fusion_builder_column_1_2 1_2 fusion-flex-column\" style=\"--awb-padding-top:10px;--awb-padding-right:40px;--awb-padding-bottom:10px;--awb-padding-left:10px;--awb-bg-color:var(--awb-color1);--awb-bg-color-hover:var(--awb-color1);--awb-bg-size:cover;--awb-border-color:var(--awb-color3);--awb-border-top:1px;--awb-border-bottom:1px;--awb-border-left:1px;--awb-border-style:solid;--awb-width-large:50%;--awb-margin-top-large:0px;--awb-spacing-right-large:0px;--awb-margin-bottom-large:0px;--awb-spacing-left-large:30px;--awb-width-medium:50%;--awb-order-medium:0;--awb-spacing-right-medium:0px;--awb-spacing-left-medium:30px;--awb-width-small:100%;--awb-order-small:0;--awb-spacing-right-small:1.92%;--awb-spacing-left-small:1.92%;\"><div class=\"fusion-column-wrapper fusion-column-has-shadow fusion-flex-justify-content-flex-start fusion-content-layout-column\"><nav class=\"fusion-breadcrumbs awb-yoast-breadcrumbs fusion-breadcrumbs-1\" style=\"--awb-breadcrumb-sep:&#039;&gt;&#039;;\" aria-label=\"Breadcrumb\"><span><span><a href=\"https:\/\/capesterelascape.fr\/de\/\">Accueil<\/a><\/span><\/span><\/nav><div class=\"fusion-title title fusion-title-1 fusion-sep-none fusion-title-text fusion-title-size-one\" style=\"--awb-margin-top:120px;--awb-margin-left:60px;--awb-margin-top-small:10px;--awb-margin-right-small:0px;--awb-margin-bottom-small:10px;--awb-margin-left-small:0px;--awb-margin-left-medium:0px;--awb-font-size:50px;\"><h1 class=\"fusion-title-heading title-heading-left fusion-responsive-typography-calculated\" style=\"font-family:var(--awb-typography1-font-family);font-weight:var(--awb-typography1-font-weight);font-style:var(--awb-typography1-font-style);margin:0;letter-spacing:var(--awb-typography1-letter-spacing);text-transform:var(--awb-typography1-text-transform);font-size:1em;--fontSize:50;line-height:1;\">Kontakt<\/h1><\/div><div class=\"fusion-text fusion-text-1 fusion-no-small-visibility fusion-no-medium-visibility fusion-text-no-margin\" style=\"--awb-margin-top:20px;--awb-margin-bottom:30px;--awb-margin-left:60px;\"><p>Egal, ob Sie Eigent\u00fcmer, Mieter oder vor\u00fcbergehender Urlauber in CAP ESTEREL sind, z\u00f6gern Sie nicht, uns zu kontaktieren. Wir sind hier, um Ihre Fragen und Bed\u00fcrfnisse zu beantworten.<\/p>\n<\/div><div class=\"fusion-text fusion-text-2 fusion-no-large-visibility fusion-text-no-margin\" style=\"--awb-margin-top:20px;--awb-margin-bottom:30px;\"><p>Egal, ob Sie Eigent\u00fcmer, Mieter oder vor\u00fcbergehender Urlauber in CAP ESTEREL sind, z\u00f6gern Sie nicht, uns zu kontaktieren. Wir sind hier, um Ihre Fragen und Bed\u00fcrfnisse zu beantworten.<\/p>\n<\/div><\/div><\/div><div class=\"fusion-layout-column fusion_builder_column fusion-builder-column-1 fusion_builder_column_1_2 1_2 fusion-flex-column fusion-no-small-visibility\" style=\"--awb-padding-top:10px;--awb-padding-right:10px;--awb-padding-bottom:10px;--awb-padding-left:10px;--awb-bg-size:cover;--awb-border-color:var(--awb-color3);--awb-border-top:1px;--awb-border-right:1px;--awb-border-bottom:1px;--awb-border-style:solid;--awb-width-large:50%;--awb-margin-top-large:0px;--awb-spacing-right-large:30px;--awb-margin-bottom-large:0px;--awb-spacing-left-large:0px;--awb-width-medium:50%;--awb-order-medium:0;--awb-spacing-right-medium:30px;--awb-spacing-left-medium:0px;--awb-width-small:100%;--awb-order-small:0;--awb-spacing-right-small:1.92%;--awb-spacing-left-small:1.92%;\"><div class=\"fusion-column-wrapper fusion-column-has-shadow fusion-flex-justify-content-flex-start fusion-content-layout-column\"><\/div><\/div><\/div><\/div><div class=\"fusion-fullwidth fullwidth-box fusion-builder-row-2 fusion-flex-container has-pattern-background has-mask-background nonhundred-percent-fullwidth non-hundred-percent-height-scrolling fusion-no-medium-visibility fusion-no-large-visibility\" style=\"--awb-background-position:right center;--awb-border-radius-top-left:0px;--awb-border-radius-top-right:0px;--awb-border-radius-bottom-right:0px;--awb-border-radius-bottom-left:0px;--awb-padding-top:30px;--awb-padding-right:30px;--awb-padding-bottom:30px;--awb-padding-left:30px;--awb-flex-wrap:wrap;\" ><div class=\"fusion-builder-row fusion-row fusion-flex-align-items-stretch fusion-flex-content-wrap\" style=\"max-width:1352px;margin-left: calc(-4% \/ 2 );margin-right: calc(-4% \/ 2 );\"><div class=\"fusion-layout-column fusion_builder_column fusion-builder-column-2 fusion_builder_column_1_1 1_1 fusion-flex-column\" style=\"--awb-padding-top:10px;--awb-padding-right:10px;--awb-padding-bottom:10px;--awb-padding-left:10px;--awb-bg-color:var(--awb-color1);--awb-bg-color-hover:var(--awb-color1);--awb-bg-size:cover;--awb-border-color:var(--awb-color3);--awb-border-top:1px;--awb-border-right:1px;--awb-border-bottom:1px;--awb-border-left:1px;--awb-border-style:solid;--awb-width-large:100%;--awb-margin-top-large:0px;--awb-spacing-right-large:1.92%;--awb-margin-bottom-large:0px;--awb-spacing-left-large:1.92%;--awb-width-medium:100%;--awb-order-medium:0;--awb-spacing-right-medium:1.92%;--awb-spacing-left-medium:1.92%;--awb-width-small:100%;--awb-order-small:0;--awb-spacing-right-small:1.92%;--awb-spacing-left-small:1.92%;\"><div class=\"fusion-column-wrapper fusion-column-has-shadow fusion-flex-justify-content-flex-start fusion-content-layout-column\"><nav class=\"fusion-breadcrumbs awb-yoast-breadcrumbs fusion-breadcrumbs-2\" style=\"--awb-breadcrumb-sep:&#039;&gt;&#039;;\" aria-label=\"Breadcrumb\"><span><span><a href=\"https:\/\/capesterelascape.fr\/de\/\">Accueil<\/a><\/span><\/span><\/nav><div class=\"fusion-image-element \" style=\"--awb-aspect-ratio:21 \/ 9;--awb-object-position:29% 50%;--awb-caption-title-font-family:var(--h2_typography-font-family);--awb-caption-title-font-weight:var(--h2_typography-font-weight);--awb-caption-title-font-style:var(--h2_typography-font-style);--awb-caption-title-size:var(--h2_typography-font-size);--awb-caption-title-transform:var(--h2_typography-text-transform);--awb-caption-title-line-height:var(--h2_typography-line-height);--awb-caption-title-letter-spacing:var(--h2_typography-letter-spacing);\"><span class=\" fusion-imageframe imageframe-none imageframe-1 hover-type-none has-aspect-ratio\"><img decoding=\"async\" width=\"875\" height=\"700\" title=\"contact\" src=\"https:\/\/capesterelascape.fr\/wp-content\/uploads\/2024\/07\/contact.jpg\" data-orig-src=\"https:\/\/capesterelascape.fr\/wp-content\/uploads\/2024\/07\/contact.jpg\" class=\"lazyload img-responsive wp-image-15222 img-with-aspect-ratio\" data-parent-fit=\"cover\" data-parent-container=\".fusion-image-element\" alt srcset=\"data:image\/svg+xml,%3Csvg%20xmlns%3D%27http%3A%2F%2Fwww.w3.org%2F2000%2Fsvg%27%20width%3D%27875%27%20height%3D%27700%27%20viewBox%3D%270%200%20875%20700%27%3E%3Crect%20width%3D%27875%27%20height%3D%27700%27%20fill-opacity%3D%220%22%2F%3E%3C%2Fsvg%3E\" data-srcset=\"https:\/\/capesterelascape.fr\/wp-content\/uploads\/2024\/07\/contact-200x160.jpg 200w, https:\/\/capesterelascape.fr\/wp-content\/uploads\/2024\/07\/contact-400x320.jpg 400w, https:\/\/capesterelascape.fr\/wp-content\/uploads\/2024\/07\/contact-600x480.jpg 600w, https:\/\/capesterelascape.fr\/wp-content\/uploads\/2024\/07\/contact-800x640.jpg 800w, https:\/\/capesterelascape.fr\/wp-content\/uploads\/2024\/07\/contact.jpg 875w\" data-sizes=\"auto\" data-orig-sizes=\"(max-width: 777px) 100vw, 875px\" \/><\/span><\/div><div class=\"fusion-title title fusion-title-2 fusion-sep-none fusion-title-text fusion-title-size-one\" style=\"--awb-margin-top:120px;--awb-margin-left:60px;--awb-margin-top-small:10px;--awb-margin-right-small:0px;--awb-margin-bottom-small:10px;--awb-margin-left-small:0px;--awb-font-size:50px;\"><h1 class=\"fusion-title-heading title-heading-left fusion-responsive-typography-calculated\" style=\"font-family:var(--awb-typography1-font-family);font-weight:var(--awb-typography1-font-weight);font-style:var(--awb-typography1-font-style);margin:0;letter-spacing:var(--awb-typography1-letter-spacing);text-transform:var(--awb-typography1-text-transform);font-size:1em;--fontSize:50;line-height:1;\">Kontakt<\/h1><\/div><div class=\"fusion-text fusion-text-3 fusion-text-no-margin\" style=\"--awb-margin-top:20px;--awb-margin-bottom:10px;\"><p>Egal, ob Sie Eigent\u00fcmer, Mieter oder vor\u00fcbergehender Urlauber in CAP ESTEREL sind, z\u00f6gern Sie nicht, uns zu kontaktieren. Wir sind hier, um Ihre Fragen und Bed\u00fcrfnisse zu beantworten.<\/p>\n<\/div><\/div><\/div><\/div><\/div><div class=\"fusion-fullwidth fullwidth-box fusion-builder-row-3 fusion-flex-container has-pattern-background has-mask-background fusion-parallax-none nonhundred-percent-fullwidth non-hundred-percent-height-scrolling lazyload\" style=\"--awb-background-position:center top;--awb-background-repeat:repeat-x;--awb-border-radius-top-left:0px;--awb-border-radius-top-right:0px;--awb-border-radius-bottom-right:0px;--awb-border-radius-bottom-left:0px;--awb-background-color:#ffdc91;--awb-flex-wrap:wrap;\" data-bg=\"https:\/\/capesterelascape.fr\/wp-content\/uploads\/2022\/12\/waves-yellow.svg\" ><div class=\"fusion-builder-row fusion-row fusion-flex-align-items-flex-start fusion-flex-content-wrap\" style=\"max-width:1352px;margin-left: calc(-4% \/ 2 );margin-right: calc(-4% \/ 2 );\"><div class=\"fusion-layout-column fusion_builder_column fusion-builder-column-3 fusion_builder_column_1_1 1_1 fusion-flex-column\" style=\"--awb-padding-top:60px;--awb-padding-right:60px;--awb-padding-left:60px;--awb-padding-top-small:20px;--awb-padding-right-small:20px;--awb-padding-left-small:20px;--awb-overflow:hidden;--awb-bg-color:var(--awb-color1);--awb-bg-color-hover:var(--awb-color1);--awb-bg-size:cover;--awb-border-radius:70px 0px 70px 0px;--awb-width-large:100%;--awb-margin-top-large:0px;--awb-spacing-right-large:1.92%;--awb-margin-bottom-large:80px;--awb-spacing-left-large:1.92%;--awb-width-medium:100%;--awb-order-medium:0;--awb-spacing-right-medium:1.92%;--awb-spacing-left-medium:1.92%;--awb-width-small:100%;--awb-order-small:0;--awb-spacing-right-small:1.92%;--awb-spacing-left-small:1.92%;\" data-scroll-devices=\"small-visibility,medium-visibility,large-visibility\"><div class=\"fusion-column-wrapper fusion-column-has-shadow fusion-flex-justify-content-flex-start fusion-content-layout-column\"><div class=\"fusion-builder-row fusion-builder-row-inner fusion-row fusion-flex-align-items-flex-start fusion-flex-content-wrap\" style=\"--awb-flex-grow:0;--awb-flex-grow-medium:0;--awb-flex-grow-small:0;--awb-flex-shrink:0;--awb-flex-shrink-medium:0;--awb-flex-shrink-small:0;width:104% !important;max-width:104% !important;margin-left: calc(-4% \/ 2 );margin-right: calc(-4% \/ 2 );\"><div class=\"fusion-layout-column fusion_builder_column_inner fusion-builder-nested-column-0 fusion_builder_column_inner_1_2 1_2 fusion-flex-column\" style=\"--awb-bg-size:cover;--awb-width-large:50%;--awb-margin-top-large:0px;--awb-spacing-right-large:3.84%;--awb-margin-bottom-large:0px;--awb-spacing-left-large:3.84%;--awb-width-medium:50%;--awb-order-medium:0;--awb-spacing-right-medium:3.84%;--awb-spacing-left-medium:3.84%;--awb-width-small:100%;--awb-order-small:0;--awb-spacing-right-small:1.92%;--awb-spacing-left-small:1.92%;\"><div class=\"fusion-column-wrapper fusion-column-has-shadow fusion-flex-justify-content-flex-start fusion-content-layout-column\">[gravityform id=&#8220;3&#8243; title=&#8220;false&#8220; description=&#8220;false&#8220; ajax=&#8220;false&#8220; \/]<\/div><\/div><div class=\"fusion-layout-column fusion_builder_column_inner fusion-builder-nested-column-1 fusion_builder_column_inner_1_2 1_2 fusion-flex-column\" style=\"--awb-bg-size:cover;--awb-width-large:50%;--awb-margin-top-large:0px;--awb-spacing-right-large:3.84%;--awb-margin-bottom-large:0px;--awb-spacing-left-large:3.84%;--awb-width-medium:50%;--awb-order-medium:0;--awb-spacing-right-medium:3.84%;--awb-spacing-left-medium:3.84%;--awb-width-small:100%;--awb-order-small:0;--awb-spacing-right-small:1.92%;--awb-spacing-left-small:1.92%;\"><div class=\"fusion-column-wrapper fusion-column-has-shadow fusion-flex-justify-content-flex-start fusion-content-layout-column\"><div class=\"fusion-title title fusion-title-3 fusion-sep-none fusion-title-text fusion-title-size-two\" style=\"--awb-text-color:var(--awb-color4);--awb-margin-top-small:10px;--awb-margin-right-small:0px;--awb-margin-bottom-small:10px;--awb-margin-left-small:0px;\"><h2 class=\"fusion-title-heading title-heading-left fusion-responsive-typography-calculated\" style=\"margin:0;--fontSize:27;line-height:var(--awb-typography1-line-height);\">Dorf von CAP ESTEREL<\/h2><\/div><div class=\"fusion-text fusion-text-4\"><p><strong>Die Anschrift ASCAPE:<\/strong><br \/>\nR\u00e9sidence du Belv\u00e9d\u00e8re \u2013 boite n\u00b0 6<br \/>\n99 rue des calanques<br \/>\n83530 Agay<\/p>\n<p><strong>Eingang Dorfzentrum:<\/strong><br \/>\n2975-3001 Bd de la 36\u00e8me division du Texas<br \/>\n83700 Saint-Rapha\u00ebl<br \/>\n<a href=\"https:\/\/www.google.com\/maps\/dir\/?api=1&amp;destination=2975%20Bd%20de%20la%2036eme%20division%20du%20Texas%2083700%20Saint-Raphael\" target=\"_blank\" rel=\"noopener\">Route<\/a><\/p>\n<p><strong>Weiler Eingang:<\/strong><br \/>\n1 all\u00e9e de l\u2019horizon<br \/>\n83700 Saint-Rapha\u00ebl<br \/>\n<a href=\"https:\/\/www.google.com\/maps\/dir\/?api=1&amp;destination=1%20allee%20de%20l'horizon%2083700%20Saint-Raphael\" target=\"_blank\" rel=\"noopener\">Route<\/a><\/p>\n<\/div><\/div><\/div><\/div><div class=\"fusion-title title fusion-title-4 fusion-sep-none fusion-title-text fusion-title-size-two\" style=\"--awb-text-color:var(--awb-color4);--awb-margin-top-small:10px;--awb-margin-right-small:0px;--awb-margin-bottom-small:10px;--awb-margin-left-small:0px;\"><h2 class=\"fusion-title-heading title-heading-left fusion-responsive-typography-calculated\" style=\"margin:0;--fontSize:27;line-height:var(--awb-typography1-line-height);\">Karte und Zugang<\/h2><\/div><div class=\"fusion-text fusion-text-5\"><p><iframe class=\"lazyload\" src=\"data:image\/svg+xml,%3Csvg%20xmlns%3D%27http%3A%2F%2Fwww.w3.org%2F2000%2Fsvg%27%20width%3D%27100%27%20height%3D%27600%27%20viewBox%3D%270%200%20100%20600%27%3E%3Crect%20width%3D%27100%27%20height%3D%27600%27%20fill-opacity%3D%220%22%2F%3E%3C%2Fsvg%3E\" data-orig-src=\"\/\/umap.openstreetmap.fr\/fr\/map\/cap-esterel_858763?scaleControl=false&amp;miniMap=false&amp;scrollWheelZoom=true&amp;zoomControl=true&amp;allowEdit=false&amp;moreControl=false&amp;searchControl=false&amp;tilelayersControl=false&amp;embedControl=null&amp;datalayersControl=false&amp;onLoadPanel=undefined&amp;captionBar=false\" width=\"100%\" height=\"600px\" frameborder=\"0\" allowfullscreen=\"allowfullscreen\" data-mce-fragment=\"1\"><\/iframe><\/p>\n<\/div><\/div><\/div><\/div><\/div><\/p>\n","protected":false},"excerpt":{"rendered":"","protected":false},"author":4,"featured_media":560,"parent":0,"menu_order":60,"comment_status":"closed","ping_status":"closed","template":"","meta":{"_acf_changed":false,"footnotes":""},"class_list":["post-4393","page","type-page","status-publish","has-post-thumbnail","hentry"],"acf":[],"yoast_head":"<!-- This site is optimized with the Yoast SEO plugin v27.2 - https:\/\/yoast.com\/product\/yoast-seo-wordpress\/ -->\n<title>Kontakt - CAP ESTEREL ASCAPE<\/title>\n<meta name=\"robots\" content=\"index, follow, max-snippet:-1, max-image-preview:large, max-video-preview:-1\" \/>\n<link rel=\"canonical\" href=\"https:\/\/capesterelascape.fr\/de\/kontakt\/\" \/>\n<meta property=\"og:locale\" content=\"de_DE\" \/>\n<meta property=\"og:type\" content=\"article\" \/>\n<meta property=\"og:title\" content=\"Kontakt - CAP ESTEREL ASCAPE\" \/>\n<meta property=\"og:url\" content=\"https:\/\/capesterelascape.fr\/de\/kontakt\/\" \/>\n<meta property=\"og:site_name\" content=\"CAP ESTEREL ASCAPE\" \/>\n<meta property=\"article:publisher\" content=\"https:\/\/www.facebook.com\/capesterel.ascape.7\" \/>\n<meta property=\"article:modified_time\" content=\"2024-07-24T16:34:19+00:00\" \/>\n<meta property=\"og:image\" content=\"https:\/\/capesterelascape.fr\/wp-content\/uploads\/2023\/01\/cap-esterel-1.png\" \/>\n\t<meta property=\"og:image:width\" content=\"1200\" \/>\n\t<meta property=\"og:image:height\" content=\"675\" \/>\n\t<meta property=\"og:image:type\" content=\"image\/png\" \/>\n<meta name=\"twitter:card\" content=\"summary_large_image\" \/>\n<meta name=\"twitter:label1\" content=\"Gesch\u00e4tzte Lesezeit\" \/>\n\t<meta name=\"twitter:data1\" content=\"2\u00a0Minuten\" \/>\n<script type=\"application\/ld+json\" class=\"yoast-schema-graph\">{\"@context\":\"https:\/\/schema.org\",\"@graph\":[{\"@type\":\"WebPage\",\"@id\":\"https:\/\/capesterelascape.fr\/de\/kontakt\/\",\"url\":\"https:\/\/capesterelascape.fr\/de\/kontakt\/\",\"name\":\"Kontakt - CAP ESTEREL ASCAPE\",\"isPartOf\":{\"@id\":\"https:\/\/capesterelascape.fr\/de\/#website\"},\"primaryImageOfPage\":{\"@id\":\"https:\/\/capesterelascape.fr\/de\/kontakt\/#primaryimage\"},\"image\":{\"@id\":\"https:\/\/capesterelascape.fr\/de\/kontakt\/#primaryimage\"},\"thumbnailUrl\":\"https:\/\/capesterelascape.fr\/wp-content\/uploads\/2022\/12\/default-thumbnail.png\",\"datePublished\":\"2023-01-03T14:55:04+00:00\",\"dateModified\":\"2024-07-24T16:34:19+00:00\",\"breadcrumb\":{\"@id\":\"https:\/\/capesterelascape.fr\/de\/kontakt\/#breadcrumb\"},\"inLanguage\":\"de\",\"potentialAction\":[{\"@type\":\"ReadAction\",\"target\":[\"https:\/\/capesterelascape.fr\/de\/kontakt\/\"]}]},{\"@type\":\"ImageObject\",\"inLanguage\":\"de\",\"@id\":\"https:\/\/capesterelascape.fr\/de\/kontakt\/#primaryimage\",\"url\":\"https:\/\/capesterelascape.fr\/wp-content\/uploads\/2022\/12\/default-thumbnail.png\",\"contentUrl\":\"https:\/\/capesterelascape.fr\/wp-content\/uploads\/2022\/12\/default-thumbnail.png\",\"width\":900,\"height\":350},{\"@type\":\"BreadcrumbList\",\"@id\":\"https:\/\/capesterelascape.fr\/de\/kontakt\/#breadcrumb\",\"itemListElement\":[{\"@type\":\"ListItem\",\"position\":1,\"name\":\"Accueil\",\"item\":\"https:\/\/capesterelascape.fr\/de\/\"},{\"@type\":\"ListItem\",\"position\":2,\"name\":\"Kontakt\"}]},{\"@type\":\"WebSite\",\"@id\":\"https:\/\/capesterelascape.fr\/de\/#website\",\"url\":\"https:\/\/capesterelascape.fr\/de\/\",\"name\":\"CAP ESTEREL ASCAPE\",\"description\":\"\",\"potentialAction\":[{\"@type\":\"SearchAction\",\"target\":{\"@type\":\"EntryPoint\",\"urlTemplate\":\"https:\/\/capesterelascape.fr\/de\/?s={search_term_string}\"},\"query-input\":{\"@type\":\"PropertyValueSpecification\",\"valueRequired\":true,\"valueName\":\"search_term_string\"}}],\"inLanguage\":\"de\"}]}<\/script>\n<!-- \/ Yoast SEO plugin. -->","yoast_head_json":{"title":"Kontakt - CAP ESTEREL ASCAPE","robots":{"index":"index","follow":"follow","max-snippet":"max-snippet:-1","max-image-preview":"max-image-preview:large","max-video-preview":"max-video-preview:-1"},"canonical":"https:\/\/capesterelascape.fr\/de\/kontakt\/","og_locale":"de_DE","og_type":"article","og_title":"Kontakt - CAP ESTEREL ASCAPE","og_url":"https:\/\/capesterelascape.fr\/de\/kontakt\/","og_site_name":"CAP ESTEREL ASCAPE","article_publisher":"https:\/\/www.facebook.com\/capesterel.ascape.7","article_modified_time":"2024-07-24T16:34:19+00:00","og_image":[{"width":1200,"height":675,"url":"https:\/\/capesterelascape.fr\/wp-content\/uploads\/2023\/01\/cap-esterel-1.png","type":"image\/png"}],"twitter_card":"summary_large_image","twitter_misc":{"Gesch\u00e4tzte Lesezeit":"2\u00a0Minuten"},"schema":{"@context":"https:\/\/schema.org","@graph":[{"@type":"WebPage","@id":"https:\/\/capesterelascape.fr\/de\/kontakt\/","url":"https:\/\/capesterelascape.fr\/de\/kontakt\/","name":"Kontakt - CAP ESTEREL ASCAPE","isPartOf":{"@id":"https:\/\/capesterelascape.fr\/de\/#website"},"primaryImageOfPage":{"@id":"https:\/\/capesterelascape.fr\/de\/kontakt\/#primaryimage"},"image":{"@id":"https:\/\/capesterelascape.fr\/de\/kontakt\/#primaryimage"},"thumbnailUrl":"https:\/\/capesterelascape.fr\/wp-content\/uploads\/2022\/12\/default-thumbnail.png","datePublished":"2023-01-03T14:55:04+00:00","dateModified":"2024-07-24T16:34:19+00:00","breadcrumb":{"@id":"https:\/\/capesterelascape.fr\/de\/kontakt\/#breadcrumb"},"inLanguage":"de","potentialAction":[{"@type":"ReadAction","target":["https:\/\/capesterelascape.fr\/de\/kontakt\/"]}]},{"@type":"ImageObject","inLanguage":"de","@id":"https:\/\/capesterelascape.fr\/de\/kontakt\/#primaryimage","url":"https:\/\/capesterelascape.fr\/wp-content\/uploads\/2022\/12\/default-thumbnail.png","contentUrl":"https:\/\/capesterelascape.fr\/wp-content\/uploads\/2022\/12\/default-thumbnail.png","width":900,"height":350},{"@type":"BreadcrumbList","@id":"https:\/\/capesterelascape.fr\/de\/kontakt\/#breadcrumb","itemListElement":[{"@type":"ListItem","position":1,"name":"Accueil","item":"https:\/\/capesterelascape.fr\/de\/"},{"@type":"ListItem","position":2,"name":"Kontakt"}]},{"@type":"WebSite","@id":"https:\/\/capesterelascape.fr\/de\/#website","url":"https:\/\/capesterelascape.fr\/de\/","name":"CAP ESTEREL ASCAPE","description":"","potentialAction":[{"@type":"SearchAction","target":{"@type":"EntryPoint","urlTemplate":"https:\/\/capesterelascape.fr\/de\/?s={search_term_string}"},"query-input":{"@type":"PropertyValueSpecification","valueRequired":true,"valueName":"search_term_string"}}],"inLanguage":"de"}]}},"_links":{"self":[{"href":"https:\/\/capesterelascape.fr\/de\/wp-json\/wp\/v2\/pages\/4393","targetHints":{"allow":["GET"]}}],"collection":[{"href":"https:\/\/capesterelascape.fr\/de\/wp-json\/wp\/v2\/pages"}],"about":[{"href":"https:\/\/capesterelascape.fr\/de\/wp-json\/wp\/v2\/types\/page"}],"author":[{"embeddable":true,"href":"https:\/\/capesterelascape.fr\/de\/wp-json\/wp\/v2\/users\/4"}],"replies":[{"embeddable":true,"href":"https:\/\/capesterelascape.fr\/de\/wp-json\/wp\/v2\/comments?post=4393"}],"version-history":[{"count":1,"href":"https:\/\/capesterelascape.fr\/de\/wp-json\/wp\/v2\/pages\/4393\/revisions"}],"predecessor-version":[{"id":15751,"href":"https:\/\/capesterelascape.fr\/de\/wp-json\/wp\/v2\/pages\/4393\/revisions\/15751"}],"wp:featuredmedia":[{"embeddable":true,"href":"https:\/\/capesterelascape.fr\/de\/wp-json\/wp\/v2\/media\/560"}],"wp:attachment":[{"href":"https:\/\/capesterelascape.fr\/de\/wp-json\/wp\/v2\/media?parent=4393"}],"curies":[{"name":"wp","href":"https:\/\/api.w.org\/{rel}","templated":true}]}}