{"id":4008,"date":"2022-12-05T02:03:48","date_gmt":"2022-12-05T01:03:48","guid":{"rendered":"https:\/\/capesterelascape.ostara.design\/zona-del-proprietario\/"},"modified":"2024-08-02T11:46:29","modified_gmt":"2024-08-02T09:46:29","slug":"zona-del-proprietario","status":"publish","type":"page","link":"https:\/\/capesterelascape.fr\/it\/zona-del-proprietario\/","title":{"rendered":"Zona del proprietario"},"content":{"rendered":"<div class=\"members-access-error\"><div class=\"fusion-fullwidth fullwidth-box fusion-builder-row-2 fusion-flex-container has-pattern-background has-mask-background nonhundred-percent-fullwidth non-hundred-percent-height-scrolling\" style=\"--awb-border-radius-top-left:0px;--awb-border-radius-top-right:0px;--awb-border-radius-bottom-right:0px;--awb-border-radius-bottom-left:0px;--awb-padding-top:0px;--awb-padding-right:0px;--awb-padding-bottom:0px;--awb-padding-left:0px;--awb-flex-wrap:wrap;\" ><div class=\"fusion-builder-row fusion-row fusion-flex-align-items-flex-start fusion-flex-justify-content-center fusion-flex-content-wrap\" style=\"max-width:1352px;margin-left: calc(-4% \/ 2 );margin-right: calc(-4% \/ 2 );\"><div class=\"fusion-layout-column fusion_builder_column fusion-builder-column-3 fusion_builder_column_2_3 2_3 fusion-flex-column\" style=\"--awb-padding-top:40px;--awb-padding-right:30px;--awb-padding-bottom:80px;--awb-padding-left:30px;--awb-bg-size:cover;--awb-width-large:66.666666666667%;--awb-margin-top-large:0px;--awb-spacing-right-large:2.88%;--awb-margin-bottom-large:0px;--awb-spacing-left-large:2.88%;--awb-width-medium:66.666666666667%;--awb-order-medium:0;--awb-spacing-right-medium:2.88%;--awb-spacing-left-medium:2.88%;--awb-width-small:100%;--awb-order-small:0;--awb-spacing-right-small:1.92%;--awb-spacing-left-small:1.92%;\"><div class=\"fusion-column-wrapper fusion-column-has-shadow fusion-flex-justify-content-flex-start fusion-content-layout-column\">\n\n        <div class=\"fusion-text fusion-text-3\"><p style=\"text-align: center\">Questo spazio \u00e8 riservato ai comproprietari.<\/p>\n<div class=\"fusion-login-box fusion-login-box-1 fusion-login-box-login fusion-login-align-center fusion-login-field-layout-stacked\" style=\"--awb-form-background-color:var(--awb-color2);\"><form class=\"fusion-login-form\" name=\"loginform\" id=\"loginform\" method=\"post\" action=\"https:\/\/capesterelascape.fr\/it\/wp-login.php\"><div class=\"fusion-login-fields\"><div class=\"fusion-login-input-wrapper\"><label class=\"fusion-hidden-content\" for=\"user_login-1\">La tua email<\/label><input type=\"text\" name=\"log\" placeholder=\"La tua email\" value=\"\" size=\"20\" class=\"fusion-login-username input-text\" id=\"user_login-1\" \/><\/div><div class=\"fusion-login-input-wrapper\"><label class=\"fusion-hidden-content\" for=\"user_pass-1\">La tua password<\/label><input type=\"password\" name=\"pwd\" placeholder=\"La tua password\" value=\"\" size=\"20\" class=\"fusion-login-password input-text\" id=\"user_pass-1\" \/><\/div><\/div><div class=\"fusion-login-additional-content\"><div class=\"fusion-login-submit-wrapper\"><button class=\"fusion-login-button fusion-button button-default fusion-button-default-size fusion-login-button-no-fullwidth\" type=\"submit\" name=\"wp-submit\">Connessione<\/button><input type=\"hidden\" name=\"user-cookie\" value=\"1\" \/><input type=\"hidden\" name=\"redirect_to\" value=\"https:\/\/capesterelascape.fr\/it\/wp-json\/wp\/v2\/pages\/4008\" \/><input type=\"hidden\" name=\"fusion_login_box\" value=\"true\" \/><input type=\"hidden\" name=\"_wp_http_referer\" value=\"\/it\/wp-json\/wp\/v2\/pages\/4008\" \/><span class=\"fusion-login-nonce\" style=\"display:none;\"><\/span><\/div><div class=\"fusion-login-links\"><\/div><\/div><\/form><\/div>\n<p style=\"text-align: center\"><a href=\"https:\/\/back.capesterelascape.fr\/\">Cr\u00e9er un compte<\/a> - <a href=\"https:\/\/back.capesterelascape.fr\/\">Valider un compte<\/a> - <span class=\"reset-password\"><span class=\"fusion-tooltip tooltip-shortcode\" data-animation=\"\" data-delay=\"0\" data-placement=\"top\" data-title=\"Renseignez votre email dans le formulaire ci-dessus pour pouvoir le r\u00e9initialiser\" title=\"Renseignez votre email dans le formulaire ci-dessus pour pouvoir le r\u00e9initialiser\" data-toggle=\"tooltip\" data-trigger=\"hover\">Mot de passe oubli\u00e9 ?<\/span><\/span><\/p>\n<\/div><\/div><\/div><\/div><\/div><\/div>\n","protected":false},"excerpt":{"rendered":"<div class=\"members-access-error\"><div class=\"fusion-fullwidth fullwidth-box fusion-builder-row-5 fusion-flex-container has-pattern-background has-mask-background nonhundred-percent-fullwidth non-hundred-percent-height-scrolling\" style=\"--awb-border-radius-top-left:0px;--awb-border-radius-top-right:0px;--awb-border-radius-bottom-right:0px;--awb-border-radius-bottom-left:0px;--awb-padding-top:0px;--awb-padding-right:0px;--awb-padding-bottom:0px;--awb-padding-left:0px;--awb-flex-wrap:wrap;\" ><div class=\"fusion-builder-row fusion-row fusion-flex-align-items-flex-start fusion-flex-justify-content-center fusion-flex-content-wrap\" style=\"max-width:1352px;margin-left: calc(-4% \/ 2 );margin-right: calc(-4% \/ 2 );\"><div class=\"fusion-layout-column fusion_builder_column fusion-builder-column-6 fusion_builder_column_2_3 2_3 fusion-flex-column\" style=\"--awb-padding-top:40px;--awb-padding-right:30px;--awb-padding-bottom:80px;--awb-padding-left:30px;--awb-bg-size:cover;--awb-width-large:66.666666666667%;--awb-margin-top-large:0px;--awb-spacing-right-large:2.88%;--awb-margin-bottom-large:0px;--awb-spacing-left-large:2.88%;--awb-width-medium:66.666666666667%;--awb-order-medium:0;--awb-spacing-right-medium:2.88%;--awb-spacing-left-medium:2.88%;--awb-width-small:100%;--awb-order-small:0;--awb-spacing-right-small:1.92%;--awb-spacing-left-small:1.92%;\"><div class=\"fusion-column-wrapper fusion-column-has-shadow fusion-flex-justify-content-flex-start fusion-content-layout-column\">\n\n        <div class=\"fusion-text fusion-text-6\"><p style=\"text-align: center\">Questo spazio \u00e8 riservato ai comproprietari.<\/p>\n<div class=\"fusion-login-box fusion-login-box-4 fusion-login-box-login fusion-login-align-center fusion-login-field-layout-stacked\" style=\"--awb-form-background-color:var(--awb-color2);\"><form class=\"fusion-login-form\" name=\"loginform\" id=\"loginform\" method=\"post\" action=\"https:\/\/capesterelascape.fr\/it\/wp-login.php\"><div class=\"fusion-login-fields\"><div class=\"fusion-login-input-wrapper\"><label class=\"fusion-hidden-content\" for=\"user_login-4\">La tua email<\/label><input type=\"text\" name=\"log\" placeholder=\"La tua email\" value=\"\" size=\"20\" class=\"fusion-login-username input-text\" id=\"user_login-4\" \/><\/div><div class=\"fusion-login-input-wrapper\"><label class=\"fusion-hidden-content\" for=\"user_pass-4\">La tua password<\/label><input type=\"password\" name=\"pwd\" placeholder=\"La tua password\" value=\"\" size=\"20\" class=\"fusion-login-password input-text\" id=\"user_pass-4\" \/><\/div><\/div><div class=\"fusion-login-additional-content\"><div class=\"fusion-login-submit-wrapper\"><button class=\"fusion-login-button fusion-button button-default fusion-button-default-size fusion-login-button-no-fullwidth\" type=\"submit\" name=\"wp-submit\">Connessione<\/button><input type=\"hidden\" name=\"user-cookie\" value=\"1\" \/><input type=\"hidden\" name=\"redirect_to\" value=\"https:\/\/capesterelascape.fr\/it\/wp-json\/wp\/v2\/pages\/4008\" \/><input type=\"hidden\" name=\"fusion_login_box\" value=\"true\" \/><input type=\"hidden\" name=\"_wp_http_referer\" value=\"\/it\/wp-json\/wp\/v2\/pages\/4008\" \/><span class=\"fusion-login-nonce\" style=\"display:none;\"><\/span><\/div><div class=\"fusion-login-links\"><\/div><\/div><\/form><\/div>\n<p style=\"text-align: center\"><a href=\"https:\/\/back.capesterelascape.fr\/\">Cr\u00e9er un compte<\/a> - <a href=\"https:\/\/back.capesterelascape.fr\/\">Valider un compte<\/a> - <span class=\"reset-password\"><span class=\"fusion-tooltip tooltip-shortcode\" data-animation=\"\" data-delay=\"0\" data-placement=\"top\" data-title=\"Renseignez votre email dans le formulaire ci-dessus pour pouvoir le r\u00e9initialiser\" title=\"Renseignez votre email dans le formulaire ci-dessus pour pouvoir le r\u00e9initialiser\" data-toggle=\"tooltip\" data-trigger=\"hover\">Mot de passe oubli\u00e9 ?<\/span><\/span><\/p>\n<\/div><\/div><\/div><\/div><\/div><\/div>\n","protected":false},"author":4,"featured_media":560,"parent":0,"menu_order":70,"comment_status":"closed","ping_status":"closed","template":"","meta":{"_acf_changed":false,"footnotes":""},"class_list":["post-4008","page","type-page","status-publish","has-post-thumbnail","hentry"],"acf":[],"yoast_head":"<!-- This site is optimized with the Yoast SEO plugin v27.2 - https:\/\/yoast.com\/product\/yoast-seo-wordpress\/ -->\n<title>Zona del proprietario - CAP ESTEREL ASCAPE<\/title>\n<meta name=\"robots\" content=\"index, follow, max-snippet:-1, max-image-preview:large, max-video-preview:-1\" \/>\n<link rel=\"canonical\" href=\"https:\/\/capesterelascape.fr\/it\/zona-del-proprietario\/\" \/>\n<meta property=\"og:locale\" content=\"it_IT\" \/>\n<meta property=\"og:type\" content=\"article\" \/>\n<meta property=\"og:title\" content=\"Zona del proprietario - CAP ESTEREL ASCAPE\" \/>\n<meta property=\"og:description\" content=\"Questo spazio \u00e8 riservato ai comproprietari. La tua emailLa tua passwordConnessione Cr\u00e9er un compte - Valider un compte - Mot de passe oubli\u00e9 ?\" \/>\n<meta property=\"og:url\" content=\"https:\/\/capesterelascape.fr\/it\/zona-del-proprietario\/\" \/>\n<meta property=\"og:site_name\" content=\"CAP ESTEREL ASCAPE\" \/>\n<meta property=\"article:publisher\" content=\"https:\/\/www.facebook.com\/capesterel.ascape.7\" \/>\n<meta property=\"article:modified_time\" content=\"2024-08-02T09:46:29+00:00\" \/>\n<meta property=\"og:image\" content=\"https:\/\/capesterelascape.fr\/wp-content\/uploads\/2023\/01\/cap-esterel-1.png\" \/>\n\t<meta property=\"og:image:width\" content=\"1200\" \/>\n\t<meta property=\"og:image:height\" content=\"675\" \/>\n\t<meta property=\"og:image:type\" content=\"image\/png\" \/>\n<meta name=\"twitter:card\" content=\"summary_large_image\" \/>\n<meta name=\"twitter:label1\" content=\"Tempo di lettura stimato\" \/>\n\t<meta name=\"twitter:data1\" content=\"1 minuto\" \/>\n<script type=\"application\/ld+json\" class=\"yoast-schema-graph\">{\"@context\":\"https:\/\/schema.org\",\"@graph\":[{\"@type\":\"WebPage\",\"@id\":\"https:\/\/capesterelascape.fr\/it\/zona-del-proprietario\/\",\"url\":\"https:\/\/capesterelascape.fr\/it\/zona-del-proprietario\/\",\"name\":\"Zona del proprietario - CAP ESTEREL ASCAPE\",\"isPartOf\":{\"@id\":\"https:\/\/capesterelascape.fr\/it\/#website\"},\"primaryImageOfPage\":{\"@id\":\"https:\/\/capesterelascape.fr\/it\/zona-del-proprietario\/#primaryimage\"},\"image\":{\"@id\":\"https:\/\/capesterelascape.fr\/it\/zona-del-proprietario\/#primaryimage\"},\"thumbnailUrl\":\"https:\/\/capesterelascape.fr\/wp-content\/uploads\/2022\/12\/default-thumbnail.png\",\"datePublished\":\"2022-12-05T01:03:48+00:00\",\"dateModified\":\"2024-08-02T09:46:29+00:00\",\"breadcrumb\":{\"@id\":\"https:\/\/capesterelascape.fr\/it\/zona-del-proprietario\/#breadcrumb\"},\"inLanguage\":\"it-IT\",\"potentialAction\":[{\"@type\":\"ReadAction\",\"target\":[\"https:\/\/capesterelascape.fr\/it\/zona-del-proprietario\/\"]}]},{\"@type\":\"ImageObject\",\"inLanguage\":\"it-IT\",\"@id\":\"https:\/\/capesterelascape.fr\/it\/zona-del-proprietario\/#primaryimage\",\"url\":\"https:\/\/capesterelascape.fr\/wp-content\/uploads\/2022\/12\/default-thumbnail.png\",\"contentUrl\":\"https:\/\/capesterelascape.fr\/wp-content\/uploads\/2022\/12\/default-thumbnail.png\",\"width\":900,\"height\":350},{\"@type\":\"BreadcrumbList\",\"@id\":\"https:\/\/capesterelascape.fr\/it\/zona-del-proprietario\/#breadcrumb\",\"itemListElement\":[{\"@type\":\"ListItem\",\"position\":1,\"name\":\"Accueil\",\"item\":\"https:\/\/capesterelascape.fr\/it\/\"},{\"@type\":\"ListItem\",\"position\":2,\"name\":\"Zona del proprietario\"}]},{\"@type\":\"WebSite\",\"@id\":\"https:\/\/capesterelascape.fr\/it\/#website\",\"url\":\"https:\/\/capesterelascape.fr\/it\/\",\"name\":\"CAP ESTEREL ASCAPE\",\"description\":\"\",\"potentialAction\":[{\"@type\":\"SearchAction\",\"target\":{\"@type\":\"EntryPoint\",\"urlTemplate\":\"https:\/\/capesterelascape.fr\/it\/?s={search_term_string}\"},\"query-input\":{\"@type\":\"PropertyValueSpecification\",\"valueRequired\":true,\"valueName\":\"search_term_string\"}}],\"inLanguage\":\"it-IT\"}]}<\/script>\n<!-- \/ Yoast SEO plugin. -->","yoast_head_json":{"title":"Zona del proprietario - CAP ESTEREL ASCAPE","robots":{"index":"index","follow":"follow","max-snippet":"max-snippet:-1","max-image-preview":"max-image-preview:large","max-video-preview":"max-video-preview:-1"},"canonical":"https:\/\/capesterelascape.fr\/it\/zona-del-proprietario\/","og_locale":"it_IT","og_type":"article","og_title":"Zona del proprietario - CAP ESTEREL ASCAPE","og_description":"Questo spazio \u00e8 riservato ai comproprietari. La tua emailLa tua passwordConnessione Cr\u00e9er un compte - Valider un compte - Mot de passe oubli\u00e9 ?","og_url":"https:\/\/capesterelascape.fr\/it\/zona-del-proprietario\/","og_site_name":"CAP ESTEREL ASCAPE","article_publisher":"https:\/\/www.facebook.com\/capesterel.ascape.7","article_modified_time":"2024-08-02T09:46:29+00:00","og_image":[{"width":1200,"height":675,"url":"https:\/\/capesterelascape.fr\/wp-content\/uploads\/2023\/01\/cap-esterel-1.png","type":"image\/png"}],"twitter_card":"summary_large_image","twitter_misc":{"Tempo di lettura stimato":"1 minuto"},"schema":{"@context":"https:\/\/schema.org","@graph":[{"@type":"WebPage","@id":"https:\/\/capesterelascape.fr\/it\/zona-del-proprietario\/","url":"https:\/\/capesterelascape.fr\/it\/zona-del-proprietario\/","name":"Zona del proprietario - CAP ESTEREL ASCAPE","isPartOf":{"@id":"https:\/\/capesterelascape.fr\/it\/#website"},"primaryImageOfPage":{"@id":"https:\/\/capesterelascape.fr\/it\/zona-del-proprietario\/#primaryimage"},"image":{"@id":"https:\/\/capesterelascape.fr\/it\/zona-del-proprietario\/#primaryimage"},"thumbnailUrl":"https:\/\/capesterelascape.fr\/wp-content\/uploads\/2022\/12\/default-thumbnail.png","datePublished":"2022-12-05T01:03:48+00:00","dateModified":"2024-08-02T09:46:29+00:00","breadcrumb":{"@id":"https:\/\/capesterelascape.fr\/it\/zona-del-proprietario\/#breadcrumb"},"inLanguage":"it-IT","potentialAction":[{"@type":"ReadAction","target":["https:\/\/capesterelascape.fr\/it\/zona-del-proprietario\/"]}]},{"@type":"ImageObject","inLanguage":"it-IT","@id":"https:\/\/capesterelascape.fr\/it\/zona-del-proprietario\/#primaryimage","url":"https:\/\/capesterelascape.fr\/wp-content\/uploads\/2022\/12\/default-thumbnail.png","contentUrl":"https:\/\/capesterelascape.fr\/wp-content\/uploads\/2022\/12\/default-thumbnail.png","width":900,"height":350},{"@type":"BreadcrumbList","@id":"https:\/\/capesterelascape.fr\/it\/zona-del-proprietario\/#breadcrumb","itemListElement":[{"@type":"ListItem","position":1,"name":"Accueil","item":"https:\/\/capesterelascape.fr\/it\/"},{"@type":"ListItem","position":2,"name":"Zona del proprietario"}]},{"@type":"WebSite","@id":"https:\/\/capesterelascape.fr\/it\/#website","url":"https:\/\/capesterelascape.fr\/it\/","name":"CAP ESTEREL ASCAPE","description":"","potentialAction":[{"@type":"SearchAction","target":{"@type":"EntryPoint","urlTemplate":"https:\/\/capesterelascape.fr\/it\/?s={search_term_string}"},"query-input":{"@type":"PropertyValueSpecification","valueRequired":true,"valueName":"search_term_string"}}],"inLanguage":"it-IT"}]}},"_links":{"self":[{"href":"https:\/\/capesterelascape.fr\/it\/wp-json\/wp\/v2\/pages\/4008","targetHints":{"allow":["GET"]}}],"collection":[{"href":"https:\/\/capesterelascape.fr\/it\/wp-json\/wp\/v2\/pages"}],"about":[{"href":"https:\/\/capesterelascape.fr\/it\/wp-json\/wp\/v2\/types\/page"}],"author":[{"embeddable":true,"href":"https:\/\/capesterelascape.fr\/it\/wp-json\/wp\/v2\/users\/4"}],"replies":[{"embeddable":true,"href":"https:\/\/capesterelascape.fr\/it\/wp-json\/wp\/v2\/comments?post=4008"}],"version-history":[{"count":1,"href":"https:\/\/capesterelascape.fr\/it\/wp-json\/wp\/v2\/pages\/4008\/revisions"}],"predecessor-version":[{"id":16211,"href":"https:\/\/capesterelascape.fr\/it\/wp-json\/wp\/v2\/pages\/4008\/revisions\/16211"}],"wp:featuredmedia":[{"embeddable":true,"href":"https:\/\/capesterelascape.fr\/it\/wp-json\/wp\/v2\/media\/560"}],"wp:attachment":[{"href":"https:\/\/capesterelascape.fr\/it\/wp-json\/wp\/v2\/media?parent=4008"}],"curies":[{"name":"wp","href":"https:\/\/api.w.org\/{rel}","templated":true}]}}